{"id":1991,"date":"2022-03-09T10:26:21","date_gmt":"2022-03-09T13:26:21","guid":{"rendered":"http:\/\/redefonte.com.br\/site\/?page_id=1991"},"modified":"2022-05-06T15:58:38","modified_gmt":"2022-05-06T18:58:38","slug":"a-rede-fonte-3","status":"publish","type":"page","link":"https:\/\/redefonte.com.br\/site\/?page_id=1991","title":{"rendered":"Anuncie"},"content":{"rendered":"<p><div class=\"fusion-fullwidth fullwidth-box fusion-builder-row-1 fusion-flex-container fusion-parallax-none hundred-percent-fullwidth non-hundred-percent-height-scrolling\" style=\"background-color: rgba(255,255,255,0);background-image: url(&quot;https:\/\/redefonte.com.br\/site\/wp-content\/uploads\/2022\/03\/banner-anuncie.jpg&quot;);background-image:linear-gradient(180deg, rgba(0,0,0,0.23) 0%,#000000 100%),url(https:\/\/redefonte.com.br\/site\/wp-content\/uploads\/2022\/03\/banner-anuncie.jpg);background-position: center center;background-repeat: no-repeat;border-width: 0px 0px 0px 0px;border-color:#e2e2e2;border-style:solid;-webkit-background-size:cover;-moz-background-size:cover;-o-background-size:cover;background-size:cover;\" ><div class=\"fusion-builder-row fusion-row fusion-flex-align-items-center\" style=\"width:104% !important;max-width:104% !important;margin-left: calc(-4% \/ 2 );margin-right: calc(-4% \/ 2 );\"><div class=\"fusion-layout-column fusion_builder_column fusion-builder-column-0 fusion_builder_column_1_1 1_1 fusion-flex-column\"><div class=\"fusion-column-wrapper fusion-flex-justify-content-flex-start fusion-content-layout-column\" style=\"background-position:left top;background-repeat:no-repeat;-webkit-background-size:cover;-moz-background-size:cover;-o-background-size:cover;background-size:cover;padding: 0px 0px 0px 0px;\"><style type=\"text\/css\">@media only screen and (max-width:900px) {.fusion-title.fusion-title-1{margin-top:10px!important;margin-bottom:15px!important;}}@media only screen and (max-width:640px) {.fusion-title.fusion-title-1{margin-top:10px!important;margin-bottom:10px!important;}}<\/style><div class=\"fusion-title title fusion-title-1 fusion-sep-none fusion-title-text fusion-title-size-one\" style=\"font-size:60px;margin-top:10px;margin-bottom:15px;\"><h1 class=\"title-heading-left\" style=\"font-family:&quot;Ubuntu&quot;;font-style: italic;font-weight:700;margin:0;font-size:1em;color:#ffffff;\">ANUNCIE<\/h1><\/div><style type=\"text\/css\">@media only screen and (max-width:900px) {.fusion-title.fusion-title-2{margin-top:10px!important;margin-bottom:15px!important;}}@media only screen and (max-width:640px) {.fusion-title.fusion-title-2{margin-top:10px!important;margin-bottom:10px!important;}}<\/style><div class=\"fusion-title title fusion-title-2 fusion-sep-none fusion-title-text fusion-title-size-one\" style=\"font-size:22px;margin-top:10px;margin-bottom:15px;\"><h1 class=\"title-heading-left\" style=\"margin:0;font-size:1em;color:#ffffff;\"><em>Anuncie em nossos canais de comunica\u00e7\u00e3o.<\/em><\/h1><\/div><\/div><\/div><style type=\"text\/css\">.fusion-body .fusion-builder-column-0{width:100% !important;margin-top : 0px;margin-bottom : 20px;}.fusion-builder-column-0 > .fusion-column-wrapper {padding-top : 0px !important;padding-right : 0px !important;margin-right : 1.92%;padding-bottom : 0px !important;padding-left : 0px !important;margin-left : 1.92%;}@media only screen and (max-width:900px) {.fusion-body .fusion-builder-column-0{width:100% !important;order : 0;}.fusion-builder-column-0 > .fusion-column-wrapper {margin-right : 1.92%;margin-left : 1.92%;}}@media only screen and (max-width:640px) {.fusion-body .fusion-builder-column-0{width:100% !important;order : 0;}.fusion-builder-column-0 > .fusion-column-wrapper {margin-right : 1.92%;margin-left : 1.92%;}}<\/style><\/div><style type=\"text\/css\">.fusion-body .fusion-flex-container.fusion-builder-row-1{ padding-top : 150px;margin-top : 0px;padding-right : 100px;padding-bottom : 150px;margin-bottom : 50px;padding-left : 6%;}<\/style><\/div><div class=\"fusion-fullwidth fullwidth-box fusion-builder-row-2 fusion-flex-container nonhundred-percent-fullwidth non-hundred-percent-height-scrolling\" style=\"background-color: rgba(255,255,255,0);background-position: center center;background-repeat: no-repeat;border-width: 0px 0px 0px 0px;border-color:#e2e2e2;border-style:solid;\" ><div class=\"fusion-builder-row fusion-row fusion-flex-align-items-flex-start\" style=\"max-width:calc( 1350px + 15px );margin-left: calc(-15px \/ 2 );margin-right: calc(-15px \/ 2 );\"><div class=\"fusion-layout-column fusion_builder_column fusion-builder-column-1 fusion_builder_column_1_1 1_1 fusion-flex-column fusion-animated\" data-animationType=\"fadeInRight\" data-animationDuration=\"1.0\" data-animationOffset=\"100%\"><div class=\"fusion-column-wrapper fusion-flex-justify-content-flex-start fusion-content-layout-column\" style=\"background-position:left top;background-repeat:no-repeat;-webkit-background-size:cover;-moz-background-size:cover;-o-background-size:cover;background-size:cover;padding: 0px 0px 0px 0px;\"><style type=\"text\/css\">@media only screen and (max-width:900px) {.fusion-title.fusion-title-3{margin-top:10px!important;margin-bottom:1em!important;}}@media only screen and (max-width:640px) {.fusion-title.fusion-title-3{margin-top:10px!important;margin-bottom:10px!important;}}<\/style><div class=\"fusion-title title fusion-title-3 fusion-sep-none fusion-title-text fusion-title-size-two\" style=\"font-size:40px;margin-top:10px;margin-bottom:1em;\"><h2 class=\"title-heading-left\" style=\"margin:0;font-size:1em;color:#004297;\"><span style=\"font-family: Heebo; font-weight: 500;\" data-fusion-font=\"true\" data-fusion-google-font=\"Heebo\" data-fusion-google-variant=\"500\" data-fusion-google-subset=\"latin\">Conhe\u00e7a nossos espa\u00e7os para an\u00fancios<\/span><\/h2><\/div><style type=\"text\/css\">@media only screen and (max-width:900px) {.fusion-title.fusion-title-4{margin-top:10px!important;margin-bottom:15px!important;}}@media only screen and (max-width:640px) {.fusion-title.fusion-title-4{margin-top:10px!important;margin-bottom:10px!important;}}<\/style><div class=\"fusion-title title fusion-title-4 fusion-sep-none fusion-title-text fusion-title-size-three\" style=\"font-size:28px;margin-top:10px;margin-bottom:15px;\"><h3 class=\"title-heading-left\" style=\"margin:0;font-size:1em;line-height:1.35em;\"><p>Entendendo a import\u00e2ncia de abrir novas oportunidades, e pensando em proporcionar diversidade de conte\u00fado de qualidade aos telespectadores e ouvintes, a Rede Fonte disp\u00f5e de espa\u00e7os para an\u00fancios em nossa grade de programa\u00e7\u00e3o e tamb\u00e9m abre as portas para que novos parceiros colaborem com uma programa\u00e7\u00e3o de sucesso. Entre \u00a0 em contato conosco e fale com o departamento comercial da Rede Fonte.<\/p>\n<p>Telefone: (62)3254-1024<\/p>\n<p>E-mail: <a href=\"mailto:comercial@sistemafonte.com.br\">comercial@sistemafonte.com.br<\/a><\/p><\/h3><\/div><\/div><\/div><style type=\"text\/css\">.fusion-body .fusion-builder-column-1{width:100% !important;margin-top : 0px;margin-bottom : 20px;}.fusion-builder-column-1 > .fusion-column-wrapper {padding-top : 0px !important;padding-right : 0px !important;margin-right : 7.5px;padding-bottom : 0px !important;padding-left : 0px !important;margin-left : calc( 0.03 * calc( 100% - 15px ) );}@media only screen and (max-width:900px) {.fusion-body .fusion-builder-column-1{width:100% !important;order : 0;}.fusion-builder-column-1 > .fusion-column-wrapper {margin-right : 7.5px;margin-left : calc( 0.06 * calc( 100% - 15px ) );}}@media only screen and (max-width:640px) {.fusion-body .fusion-builder-column-1{width:100% !important;order : 0;margin-bottom : 30px;}.fusion-builder-column-1 > .fusion-column-wrapper {margin-right : 7.5px;margin-left : 7.5px;}}<\/style><\/div><style type=\"text\/css\">.fusion-body .fusion-flex-container.fusion-builder-row-2{ padding-top : 0px;margin-top : 0px;padding-right : 0px;padding-bottom : 0px;margin-bottom : 2%;padding-left : 0px;}<\/style><\/div><\/p>\n","protected":false},"excerpt":{"rendered":"","protected":false},"author":3,"featured_media":0,"parent":0,"menu_order":0,"comment_status":"closed","ping_status":"closed","template":"100-width.php","meta":{"_monsterinsights_skip_tracking":false,"_monsterinsights_sitenote_active":false,"_monsterinsights_sitenote_note":"","_monsterinsights_sitenote_category":0,"footnotes":""},"class_list":["post-1991","page","type-page","status-publish","hentry"],"aioseo_notices":[],"_links":{"self":[{"href":"https:\/\/redefonte.com.br\/site\/index.php?rest_route=\/wp\/v2\/pages\/1991","targetHints":{"allow":["GET"]}}],"collection":[{"href":"https:\/\/redefonte.com.br\/site\/index.php?rest_route=\/wp\/v2\/pages"}],"about":[{"href":"https:\/\/redefonte.com.br\/site\/index.php?rest_route=\/wp\/v2\/types\/page"}],"author":[{"embeddable":true,"href":"https:\/\/redefonte.com.br\/site\/index.php?rest_route=\/wp\/v2\/users\/3"}],"replies":[{"embeddable":true,"href":"https:\/\/redefonte.com.br\/site\/index.php?rest_route=%2Fwp%2Fv2%2Fcomments&post=1991"}],"version-history":[{"count":12,"href":"https:\/\/redefonte.com.br\/site\/index.php?rest_route=\/wp\/v2\/pages\/1991\/revisions"}],"predecessor-version":[{"id":2658,"href":"https:\/\/redefonte.com.br\/site\/index.php?rest_route=\/wp\/v2\/pages\/1991\/revisions\/2658"}],"wp:attachment":[{"href":"https:\/\/redefonte.com.br\/site\/index.php?rest_route=%2Fwp%2Fv2%2Fmedia&parent=1991"}],"curies":[{"name":"wp","href":"https:\/\/api.w.org\/{rel}","templated":true}]}}